{"id":1022,"date":"2015-08-18T17:52:28","date_gmt":"2015-08-18T15:52:28","guid":{"rendered":"http:\/\/www.uzpriroda.com\/?page_id=1022"},"modified":"2015-08-18T17:52:28","modified_gmt":"2015-08-18T15:52:28","slug":"kriteriji-5","status":"publish","type":"page","link":"https:\/\/www.uzpriroda.com\/?page_id=1022","title":{"rendered":"Kriteriji"},"content":{"rendered":"<p><b>\u00a0<\/b><\/p>\n<p><b>KRITERIJI<\/b><\/p>\n<p><b>\u00a0<\/b><\/p>\n<p>&#8211;\u00a0\u00a0\u00a0\u00a0\u00a0\u00a0 <b>memoranduma sa odabranim korisnicima Obavezni kriteriji za u\u010de\u0161\u0107e u programu su\u00a0 za dobivanje su\u0161are na solarni pogon: posjedovanje vo\u0107njaka\u00a0\u00a0 na parceli ne manjoj od jednog dunuma (ne manje od 120 stabala \u0161jive ili 100 stabala jabuke ili kru\u0161ke); posjedovanje adekvatne prostorije za smje\u0161taj su\u0161are; bi\u0107e odabrano 15 \u017eena<\/b><\/p>\n<p><b>\u00a0<\/b><\/p>\n<p>&#8211;\u00a0\u00a0\u00a0\u00a0\u00a0\u00a0 <b>Obavezni kriteriji za u\u010de\u0161\u0107e u programu \u00a0za dobivanje sadnica vo\u0107a (\u0161ljiva, kru\u0161ka, jabuka, orah ili lje\u0161nik) za podizanje novih ili \u00a0pro\u0161irivanje postoje\u0107ih zasada &#8211;\u00a0 posjedovanje parcele od jednog dunuma, \u00a0koja u blizini ima izvor vode, koja ima pristup puta za transport vo\u0107a, koja nema krupnijih otpadaka od predhodnih kultura ( \u017eile\u00a0 drve\u0107a i sli\u010dno);\u00a0 bi\u0107e odabrano 15 \u017eena (sistemi za navodnjavanje za dunum, sadnice vo\u0107a za jedan dunum)<\/b><\/p>\n<p><b>\u00a0<\/b><\/p>\n<p>&#8211;\u00a0\u00a0\u00a0\u00a0\u00a0\u00a0 <b>Da su podnosioci ili \u010dlanovi njihovog doma\u0107instva, registrovani poljoprivednici u skladu sa va\u017ee\u0107im zakonima RS\u00a0<\/b><\/p>\n<p>&nbsp;<\/p>\n<p>&#8211;\u00a0\u00a0\u00a0\u00a0\u00a0\u00a0 <b>Obavezna spremnost u\u010de\u0161\u0107a na 2 radionice (samo za 15 \u017eena koje dobijaju su\u0161aru) jedna teoretska, jedna prakti\u010dna \u2013 2 dana treninga <\/b><\/p>\n<p><b>\u00a0<\/b><\/p>\n<p>&#8211;\u00a0\u00a0\u00a0\u00a0\u00a0\u00a0 <b>Obavezna spremnost u\u010de\u0161\u0107a na 4 radionice I to:\u00a0 Izbor\u00a0 parcele za podizanje zasada vo\u0107a; Primjena pomotehnike (rezidba zimska) \u2013 prvi dio ove teme \u0107e se raditi teoretski, a drugi dio na terenu u jednom od ve\u0107 postoje\u0107ih odabranih vo\u0107njaka; Primjena pomotehnike (rezidba ljetnja) \u2013 edukativna radionica; Odr\u017eavanje zemlji\u0161ta, za\u0161tita i \u0111ubrenje\u00a0 u vo\u0107njaku;\u00a0 Sve teme \u0107e se obraditi na jednodnevnim radionicama &#8211; ukupno \u00a04 dana treninga) i radi\u0107e ih stru\u010dnjakinja Jadranka Boji\u0107, dipl agronom; svih 30 korisnica<\/b><\/p>\n<p><b>\u00a0<\/b><\/p>\n<p>&#8211;\u00a0\u00a0\u00a0\u00a0\u00a0\u00a0 <b>Obavezno u\u010de\u0161\u0107e na pokaznoj radionici sadnje vo\u0107ki i postavljanje sistema \u2013 svih 30 korisnica<\/b><\/p>\n<p><b>\u00a0<\/b><\/p>\n<p>&#8211;\u00a0\u00a0\u00a0\u00a0\u00a0\u00a0 <b>Obavezno u\u010de\u0161\u0107e na studijskoj posjeti sajmu (jedan dan)<\/b><\/p>\n<p><b>\u00a0<\/b><\/p>\n<p>&#8211;\u00a0\u00a0\u00a0\u00a0\u00a0\u00a0 <b>Obavezno u\u010de\u0161\u0107e na radionici\u00a0 \u201eDru\u0161tvena odgovornost u slu\u017ebi socijalnih programa na lokalnom nivou\u201c \u2013 jednodnevna <\/b><\/p>\n<p><b>\u00a0<\/b><\/p>\n<p>&#8211;\u00a0\u00a0\u00a0\u00a0\u00a0\u00a0 <b>\u00a0Spremnost na povrat od najmanje 10% od proizvodnje vo\u0107a ili vo\u0107nih prera\u0111evina<\/b><\/p>\n<p><b>\u00a0<\/b><\/p>\n<p>&#8211;\u00a0\u00a0\u00a0\u00a0\u00a0\u00a0 <b>Spremnost na ove uslove \u0107e se dokumentovati u vidu potpisivanja ugovora<\/b><\/p>\n<p><b>DODATNI KRITERIJI: <\/b><\/p>\n<p><b>Ukoliko se javi ve\u0107i broj kandidatkinja\u00a0 koje ispunjavaju\u00a0 gore navedene kriterije prednost \u0107e imati:<\/b><\/p>\n<ul>\n<li><b>\u017eene iz mnogo\u010dlanih porodica (ve\u0107i broj \u010dlanova vi\u0161e bodova) &#8211;\u00a0 dokaz:\u00a0 ku\u0107na lista, (max 10 bodova)<\/b><\/li>\n<li><b>iz porodica gdje niko\u00a0 od uku\u0107ana nije zaposlen ili gdje je ve\u0107i broj nezaposlenih\u00a0 \u2013 dokaz:\u00a0 potvrda sa biroa za zapo\u0161ljavanje, (max 5 bodova)<\/b><\/li>\n<li><b>\u017eene nosioci doma\u0107instva \u2013 dokaz:\u00a0 ku\u0107na lista, (max 10 bodova)<\/b><\/li>\n<li><b>\u017eene iz reda socijalno ugro\u017eenih porodica- dokaz:\u00a0 potvrda iz centra za socijalni rad. (max 5 bodova)<\/b><\/li>\n<\/ul>\n<p><b>Maksimalna broj bodova po dodatnim kriterijima 30 bodova. <\/b><\/p>\n","protected":false},"excerpt":{"rendered":"<p>\u00a0 KRITERIJI \u00a0 &#8211;\u00a0\u00a0\u00a0\u00a0\u00a0\u00a0 memoranduma sa odabranim korisnicima Obavezni kriteriji za u\u010de\u0161\u0107e u programu su\u00a0 za dobivanje su\u0161are na solarni pogon: posjedovanje vo\u0107njaka\u00a0\u00a0 na parceli ne manjoj od jednog dunuma (ne manje od 120 stabala \u0161jive ili 100 stabala jabuke ili kru\u0161ke); posjedovanje adekvatne prostorije za smje\u0161taj su\u0161are; bi\u0107e odabrano 15 \u017eena \u00a0 &#8211;\u00a0\u00a0\u00a0\u00a0\u00a0\u00a0 Obavezni [&hellip;]<\/p>\n","protected":false},"author":4,"featured_media":0,"parent":0,"menu_order":0,"comment_status":"closed","ping_status":"closed","template":"","meta":{"ngg_post_thumbnail":0,"footnotes":""},"class_list":["post-1022","page","type-page","status-publish","hentry"],"_links":{"self":[{"href":"https:\/\/www.uzpriroda.com\/index.php?rest_route=\/wp\/v2\/pages\/1022","targetHints":{"allow":["GET"]}}],"collection":[{"href":"https:\/\/www.uzpriroda.com\/index.php?rest_route=\/wp\/v2\/pages"}],"about":[{"href":"https:\/\/www.uzpriroda.com\/index.php?rest_route=\/wp\/v2\/types\/page"}],"author":[{"embeddable":true,"href":"https:\/\/www.uzpriroda.com\/index.php?rest_route=\/wp\/v2\/users\/4"}],"replies":[{"embeddable":true,"href":"https:\/\/www.uzpriroda.com\/index.php?rest_route=%2Fwp%2Fv2%2Fcomments&post=1022"}],"version-history":[{"count":0,"href":"https:\/\/www.uzpriroda.com\/index.php?rest_route=\/wp\/v2\/pages\/1022\/revisions"}],"wp:attachment":[{"href":"https:\/\/www.uzpriroda.com\/index.php?rest_route=%2Fwp%2Fv2%2Fmedia&parent=1022"}],"curies":[{"name":"wp","href":"https:\/\/api.w.org\/{rel}","templated":true}]}}