{"id":22,"date":"2013-03-06T17:08:22","date_gmt":"2013-03-06T16:08:22","guid":{"rendered":"http:\/\/localhost\/?page_id=22"},"modified":"2024-03-18T11:50:12","modified_gmt":"2024-03-18T10:50:12","slug":"trenutni","status":"publish","type":"page","link":"https:\/\/www.uzpriroda.com\/?page_id=22","title":{"rendered":"Trenutni"},"content":{"rendered":"<p>1. <a href=\"http:\/\/www.uzpriroda.com\/?page_id=438\">Mre\u017ea za aktivne zajednice<\/a><\/p>\n<p>2.<a href=\"http:\/\/www.uzpriroda.com\/?page_id=443\"> Osna\u017eene \u017eenske grupe &#8211; jaka zajednica<\/a><\/p>\n<p>3.<a href=\" http:\/\/www.uzpriroda.com\/?page_id=447 \"> Pomirenje i razvoj zajednica<\/a><\/p>\n<p><a href=\" http:\/\/www.uzpriroda.com\/?page_id=751\">4. Rodno osjetljivi bud\u017eeti<\/a><\/p>\n<p><a href=\"http:\/\/www.uzpriroda.com\/wp-admin\/post-new.php?post_type=page\">\u00a0<\/a><\/p>\n<p><a title=\"rodno osjetljivi bud\u017eeti\" href=\"http:\/\/www.uzpriroda.com\/wp-admin\/post.php?post=700&amp;action=edit&amp;message=6\">\u00a0<\/a><\/p>\n<p><a title=\"Rodno osjetljivi bud\u017eeti\" href=\"http:\/\/www.uzpriroda.com\/wp-admin\/post-new.php?post_type=page\">\u00a0<\/a><\/p>\n<p><a href=\"http:\/\/www.uzpriroda.com\/?page_id=447\">\u00a0<\/a><\/p>\n<p>&nbsp;<\/p>\n","protected":false},"excerpt":{"rendered":"<p>1. Mre\u017ea za aktivne zajednice 2. Osna\u017eene \u017eenske grupe &#8211; jaka zajednica 3. Pomirenje i razvoj zajednica 4. Rodno osjetljivi bud\u017eeti \u00a0 \u00a0 \u00a0 \u00a0 &nbsp;<\/p>\n","protected":false},"author":1,"featured_media":0,"parent":21,"menu_order":0,"comment_status":"closed","ping_status":"closed","template":"","meta":{"ngg_post_thumbnail":0,"footnotes":""},"class_list":["post-22","page","type-page","status-publish","hentry"],"_links":{"self":[{"href":"https:\/\/www.uzpriroda.com\/index.php?rest_route=\/wp\/v2\/pages\/22","targetHints":{"allow":["GET"]}}],"collection":[{"href":"https:\/\/www.uzpriroda.com\/index.php?rest_route=\/wp\/v2\/pages"}],"about":[{"href":"https:\/\/www.uzpriroda.com\/index.php?rest_route=\/wp\/v2\/types\/page"}],"author":[{"embeddable":true,"href":"https:\/\/www.uzpriroda.com\/index.php?rest_route=\/wp\/v2\/users\/1"}],"replies":[{"embeddable":true,"href":"https:\/\/www.uzpriroda.com\/index.php?rest_route=%2Fwp%2Fv2%2Fcomments&post=22"}],"version-history":[{"count":1,"href":"https:\/\/www.uzpriroda.com\/index.php?rest_route=\/wp\/v2\/pages\/22\/revisions"}],"predecessor-version":[{"id":1454,"href":"https:\/\/www.uzpriroda.com\/index.php?rest_route=\/wp\/v2\/pages\/22\/revisions\/1454"}],"up":[{"embeddable":true,"href":"https:\/\/www.uzpriroda.com\/index.php?rest_route=\/wp\/v2\/pages\/21"}],"wp:attachment":[{"href":"https:\/\/www.uzpriroda.com\/index.php?rest_route=%2Fwp%2Fv2%2Fmedia&parent=22"}],"curies":[{"name":"wp","href":"https:\/\/api.w.org\/{rel}","templated":true}]}}