{"id":24,"date":"2013-03-06T17:08:43","date_gmt":"2013-03-06T16:08:43","guid":{"rendered":"http:\/\/localhost\/?page_id=24"},"modified":"2024-03-18T11:50:25","modified_gmt":"2024-03-18T10:50:25","slug":"realizovani","status":"publish","type":"page","link":"https:\/\/www.uzpriroda.com\/?page_id=24","title":{"rendered":"Realizovani"},"content":{"rendered":"<p><strong>1. \u201ePomirenje i razvoj zajednica\/parcipativni demokratski razvoj u 4 op\u0161tine Bira\u010d regije 2011-2013\u201c<\/strong><b>&#8211; CARITAS<\/b><b> Switzerland\/<\/b><b>\u0160vicarska Vlada (\u0160vicarska Agencija za Razvoj i Suradnju, SDC)\/Vlada Lihten\u0161tajna<\/b><\/p>\n<p><b>2. \u201eZa dobar status vode rijeke Drine \u2013 Akcije organizacija civilnog dru\u0161tva u promociji privatno-partnerskih odnosa za bolje upravljanje rijeko\u00a0<\/b><b>&#8211; OXFAM\/EU<\/b><\/p>\n<p><b>3. \u201eZa aktivne mjesne zajednice\u201c<\/b><b>&#8211; \u00a0Fondacija MOZAIK\/EU<\/b><\/p>\n<p><b>4. Edukacija<\/b> <b>i podizanje javne svijesti o \u017eivotnoj sredini i upravljanju vodnim resursima u prekograni\u010dnoj oblasti rije\u010dnog sliva Drine u Republici Srbiji i BiH<\/b><b>\u201c<\/b><b>\u00a0<\/b><b>&#8211; OAZA Beograd;\u00a0<\/b><b>Agenciji za\u00a0 vode Bijeljina<\/b><\/p>\n<p align=\"right\">\n<p><b>5. \u201e\u017dene u mjesnim zajednicama\u201c\u00a0<\/b>&#8211; \u00a0<b>Balkan Trust for Democracy<\/b><b> (BTD);<\/b>\u00a0<b>German Marshall Fund of the U<\/b><b>S<\/b><\/p>\n<p><b>6. Studijska posjeta Sajmu \u0161ljiva Ose\u010dina\u00a0<\/b>&#8211; \u00a0<b>&#8220;Right to the Village&#8221; &#8211; Alliance for Rural and Small Communities Cultural Development*<\/b><\/p>\n<p><b>7. Institucionalno ja\u010danje organizacije\u00a0<\/b>&#8211; \u00a0<b>&#8220;Right to the Village&#8221; &#8211; Alliance for Rural and Small Communities Cultural Development*<\/b><\/p>\n","protected":false},"excerpt":{"rendered":"<p>1. \u201ePomirenje i razvoj zajednica\/parcipativni demokratski razvoj u 4 op\u0161tine Bira\u010d regije 2011-2013\u201c&#8211; CARITAS Switzerland\/\u0160vicarska Vlada (\u0160vicarska Agencija za Razvoj i Suradnju, SDC)\/Vlada Lihten\u0161tajna 2. \u201eZa dobar status vode rijeke Drine \u2013 Akcije organizacija civilnog dru\u0161tva u promociji privatno-partnerskih odnosa za bolje upravljanje rijeko\u00a0&#8211; OXFAM\/EU 3. \u201eZa aktivne mjesne zajednice\u201c&#8211; \u00a0Fondacija MOZAIK\/EU 4. Edukacija i [&hellip;]<\/p>\n","protected":false},"author":1,"featured_media":0,"parent":21,"menu_order":0,"comment_status":"closed","ping_status":"closed","template":"","meta":{"ngg_post_thumbnail":0,"footnotes":""},"class_list":["post-24","page","type-page","status-publish","hentry"],"_links":{"self":[{"href":"https:\/\/www.uzpriroda.com\/index.php?rest_route=\/wp\/v2\/pages\/24","targetHints":{"allow":["GET"]}}],"collection":[{"href":"https:\/\/www.uzpriroda.com\/index.php?rest_route=\/wp\/v2\/pages"}],"about":[{"href":"https:\/\/www.uzpriroda.com\/index.php?rest_route=\/wp\/v2\/types\/page"}],"author":[{"embeddable":true,"href":"https:\/\/www.uzpriroda.com\/index.php?rest_route=\/wp\/v2\/users\/1"}],"replies":[{"embeddable":true,"href":"https:\/\/www.uzpriroda.com\/index.php?rest_route=%2Fwp%2Fv2%2Fcomments&post=24"}],"version-history":[{"count":1,"href":"https:\/\/www.uzpriroda.com\/index.php?rest_route=\/wp\/v2\/pages\/24\/revisions"}],"predecessor-version":[{"id":1455,"href":"https:\/\/www.uzpriroda.com\/index.php?rest_route=\/wp\/v2\/pages\/24\/revisions\/1455"}],"up":[{"embeddable":true,"href":"https:\/\/www.uzpriroda.com\/index.php?rest_route=\/wp\/v2\/pages\/21"}],"wp:attachment":[{"href":"https:\/\/www.uzpriroda.com\/index.php?rest_route=%2Fwp%2Fv2%2Fmedia&parent=24"}],"curies":[{"name":"wp","href":"https:\/\/api.w.org\/{rel}","templated":true}]}}