{"id":33,"date":"2013-03-06T17:14:41","date_gmt":"2013-03-06T16:14:41","guid":{"rendered":"http:\/\/localhost\/?page_id=33"},"modified":"2013-11-28T13:27:46","modified_gmt":"2013-11-28T12:27:46","slug":"projekti-u-2002-godini","status":"publish","type":"page","link":"https:\/\/www.uzpriroda.com\/?page_id=33","title":{"rendered":"Projekti u 2002. godini"},"content":{"rendered":"<ol>\n<li><strong>Proizvodnja eteri\u010dnog ulja &#8211;\u00a0 OXFAM GB<\/strong><\/li>\n<li><strong>Promocija higijene (Kolektivna higijena) &#8211; OXFAM GB<\/strong><\/li>\n<li><strong>Zimska distribucija pomo\u0107i licima u privatnom smje\u0161taju &#8211; OXFAM GB<\/strong><\/li>\n<li><strong>Pekin\u0161ka deklaracija, ravnopravnost polova, uticaj \u017eena na predstoje\u0107e izbore \u2013 OSCE<\/strong><\/li>\n<li><strong>Program ja\u010danja lokalne zajednice &#8211; OXFAM GB<\/strong><\/li>\n<li><strong>Mobiln a\u0161kola kompjutera &#8211; OXFAM GB<\/strong><\/li>\n<li><strong>Proizvodnaj kozmetike na bazi ljekovitog bilja &#8211; \u00a0OXFAM GB<\/strong><\/li>\n<li><strong>Pomo\u0107 povratnicima &#8211; \u00a0OXFAM GB<\/strong><\/li>\n<li><strong>Slikanje na svili \u2013 CRS<\/strong><\/li>\n<li><strong>Analiza ku\u0107nih biznisa na podru\u010dju op\u0161tine Bratunac \u2013 IRC<\/strong><\/li>\n<li><strong>Sui\u0161ara za ljekovito bilje \u2013 IRC<\/strong><\/li>\n<li><strong>Edukacija o ljekovitom bilju \u2013 IRC<\/strong><\/li>\n<li><strong>Prevencija povre\u0111ivanja u saobra\u0107aju \u2013 Ministarstvo zdravlja RS\/Svjetska banka<\/strong><\/li>\n<li><strong>Podr\u0161ka reintegraciji povratnika u oblasti zdravstvene za\u0161tite \u2013 UNDP<\/strong><\/li>\n<li><strong>Razvoj unutra\u0161njih kapaciteta U\u017d Priroda &#8211; CARE Interantional<\/strong><\/li>\n<li><strong>Kursa ra\u010dunara &#8211; IIZ DVV<\/strong><\/li>\n<\/ol>\n","protected":false},"excerpt":{"rendered":"<p>Proizvodnja eteri\u010dnog ulja &#8211;\u00a0 OXFAM GB Promocija higijene (Kolektivna higijena) &#8211; OXFAM GB Zimska distribucija pomo\u0107i licima u privatnom smje\u0161taju &#8211; OXFAM GB Pekin\u0161ka deklaracija, ravnopravnost polova, uticaj \u017eena na predstoje\u0107e izbore \u2013 OSCE Program ja\u010danja lokalne zajednice &#8211; OXFAM GB Mobiln a\u0161kola kompjutera &#8211; OXFAM GB Proizvodnaj kozmetike na bazi ljekovitog bilja &#8211; \u00a0OXFAM [&hellip;]<\/p>\n","protected":false},"author":1,"featured_media":0,"parent":24,"menu_order":0,"comment_status":"open","ping_status":"open","template":"","meta":{"ngg_post_thumbnail":0,"footnotes":""},"class_list":["post-33","page","type-page","status-publish","hentry"],"_links":{"self":[{"href":"https:\/\/www.uzpriroda.com\/index.php?rest_route=\/wp\/v2\/pages\/33","targetHints":{"allow":["GET"]}}],"collection":[{"href":"https:\/\/www.uzpriroda.com\/index.php?rest_route=\/wp\/v2\/pages"}],"about":[{"href":"https:\/\/www.uzpriroda.com\/index.php?rest_route=\/wp\/v2\/types\/page"}],"author":[{"embeddable":true,"href":"https:\/\/www.uzpriroda.com\/index.php?rest_route=\/wp\/v2\/users\/1"}],"replies":[{"embeddable":true,"href":"https:\/\/www.uzpriroda.com\/index.php?rest_route=%2Fwp%2Fv2%2Fcomments&post=33"}],"version-history":[{"count":0,"href":"https:\/\/www.uzpriroda.com\/index.php?rest_route=\/wp\/v2\/pages\/33\/revisions"}],"up":[{"embeddable":true,"href":"https:\/\/www.uzpriroda.com\/index.php?rest_route=\/wp\/v2\/pages\/24"}],"wp:attachment":[{"href":"https:\/\/www.uzpriroda.com\/index.php?rest_route=%2Fwp%2Fv2%2Fmedia&parent=33"}],"curies":[{"name":"wp","href":"https:\/\/api.w.org\/{rel}","templated":true}]}}