{"id":35,"date":"2013-03-06T17:15:23","date_gmt":"2013-03-06T16:15:23","guid":{"rendered":"http:\/\/localhost\/?page_id=35"},"modified":"2013-11-28T12:50:53","modified_gmt":"2013-11-28T11:50:53","slug":"projekti-u-2003-godini","status":"publish","type":"page","link":"https:\/\/www.uzpriroda.com\/?page_id=35","title":{"rendered":"Projekti u 2003. godini"},"content":{"rendered":"<ol>\n<li><strong>Podr\u0161ka reinegraciji povratnika u oblasti zdravstvene za\u0161tite &#8211; UNDP<\/strong><\/li>\n<li><strong>Razvoj unutra\u0161njih kapaciteta &#8211; CARE International<\/strong><\/li>\n<li><strong>Djaeci za zemlju prijateljstva i mira &#8211; ADF<\/strong><\/li>\n<li><strong>Ekonomsko osna\u017eenje \u017eena kao preduslov ravnopravnosti &#8211; CARE International<\/strong><\/li>\n<li><strong>Proizvodnja zdrave hrane &#8211;\u00a0CARE International<\/strong><\/li>\n<li><strong>Edukacija \u017eena na ra\u010dunarima (po\u010detni i napredni kurs) &#8211; IIZ DVV<\/strong><\/li>\n<li><strong>Formiranje koordinacionog vije\u0107a MZ &#8211;\u00a0CARE International<\/strong><\/li>\n<li><strong>Rje\u0161avanje konflikta u MZ Tegare izgradnjom seoskih puteva &#8211; NVO Fondacija<\/strong><\/li>\n<li><strong>Inegrisani paket podr\u0161ke &#8211; ADF<\/strong><\/li>\n<li><strong>Edukacija radnika organa lokalne uprave op\u0161tine Bratunac za rad na ra\u010dunarima &#8211;\u00a0CARE International<\/strong><\/li>\n<li><strong>Program pru\u017eanja podr\u0161ke samoodr\u017eivom povratku manjina u BiH kroz pove\u0107anje mogu\u0107nosti ekonomskog razvoja &#8211; IRC BiH\/USAID<\/strong><\/li>\n<li><strong>Socijalna karta op\u0161tine Bratunac &#8211; UNDP<\/strong><\/li>\n<\/ol>\n","protected":false},"excerpt":{"rendered":"<p>Podr\u0161ka reinegraciji povratnika u oblasti zdravstvene za\u0161tite &#8211; UNDP Razvoj unutra\u0161njih kapaciteta &#8211; CARE International Djaeci za zemlju prijateljstva i mira &#8211; ADF Ekonomsko osna\u017eenje \u017eena kao preduslov ravnopravnosti &#8211; CARE International Proizvodnja zdrave hrane &#8211;\u00a0CARE International Edukacija \u017eena na ra\u010dunarima (po\u010detni i napredni kurs) &#8211; IIZ DVV Formiranje koordinacionog vije\u0107a MZ &#8211;\u00a0CARE International Rje\u0161avanje [&hellip;]<\/p>\n","protected":false},"author":1,"featured_media":0,"parent":24,"menu_order":0,"comment_status":"open","ping_status":"open","template":"","meta":{"ngg_post_thumbnail":0,"footnotes":""},"class_list":["post-35","page","type-page","status-publish","hentry"],"_links":{"self":[{"href":"https:\/\/www.uzpriroda.com\/index.php?rest_route=\/wp\/v2\/pages\/35","targetHints":{"allow":["GET"]}}],"collection":[{"href":"https:\/\/www.uzpriroda.com\/index.php?rest_route=\/wp\/v2\/pages"}],"about":[{"href":"https:\/\/www.uzpriroda.com\/index.php?rest_route=\/wp\/v2\/types\/page"}],"author":[{"embeddable":true,"href":"https:\/\/www.uzpriroda.com\/index.php?rest_route=\/wp\/v2\/users\/1"}],"replies":[{"embeddable":true,"href":"https:\/\/www.uzpriroda.com\/index.php?rest_route=%2Fwp%2Fv2%2Fcomments&post=35"}],"version-history":[{"count":0,"href":"https:\/\/www.uzpriroda.com\/index.php?rest_route=\/wp\/v2\/pages\/35\/revisions"}],"up":[{"embeddable":true,"href":"https:\/\/www.uzpriroda.com\/index.php?rest_route=\/wp\/v2\/pages\/24"}],"wp:attachment":[{"href":"https:\/\/www.uzpriroda.com\/index.php?rest_route=%2Fwp%2Fv2%2Fmedia&parent=35"}],"curies":[{"name":"wp","href":"https:\/\/api.w.org\/{rel}","templated":true}]}}