{"id":41,"date":"2013-03-06T17:17:29","date_gmt":"2013-03-06T16:17:29","guid":{"rendered":"http:\/\/localhost\/?page_id=41"},"modified":"2013-11-28T12:13:30","modified_gmt":"2013-11-28T11:13:30","slug":"projekti-u-2006-godini","status":"publish","type":"page","link":"https:\/\/www.uzpriroda.com\/?page_id=41","title":{"rendered":"Projekti u 2006. godini"},"content":{"rendered":"<ol>\n<li style=\"text-align: justify;\"><strong>Izgradnja zajednica \u2013 izgradnja povjerenja u zajednicama op\u0161tina Bratunac i Srebrenica- \u00a0CARITAS Switzerland\/CARITAS Luxembour<\/strong><\/li>\n<li style=\"text-align: justify;\"><strong>Psiho-socijalni projekat Podrinja \u2013 izgradnje zajednica &#8211;\u00a0\u00a0HEKS EPE<\/strong><\/li>\n<li style=\"text-align: justify;\"><strong>\u00a0Osvje\u0161tavanje predstavnika institucija o nasilju &#8211;\u00a0\u00a0CRS<\/strong><\/li>\n<li style=\"text-align: justify;\"><strong>Obrazovanje odraslih \u2013 IIZ DVV<\/strong><\/li>\n<li style=\"text-align: justify;\"><strong>SAR \u2013 Trajno rje\u0161enje za raseljene osobe sa srebreni\u010dkog podru\u010dja (na podru\u010dju op\u0161tina Bratunac i Vlasenica) &#8211;\u00a0\u00a0DRC<\/strong><\/li>\n<li style=\"text-align: justify;\"><strong>Ja\u010danje zapo\u0161ljavanja i ekonomskih aktivnosti kroz akcije u lokalnoj zajednici i me\u0111usektorsku saradnju &#8211;\u00a0CISP<\/strong><\/li>\n<li style=\"text-align: justify;\"><strong>Socijalna karta Op\u0161tine Bratunac (za potrebe Centra za socijalni rad) &#8211;\u00a0UNDP<\/strong><\/li>\n<\/ol>\n","protected":false},"excerpt":{"rendered":"<p>Izgradnja zajednica \u2013 izgradnja povjerenja u zajednicama op\u0161tina Bratunac i Srebrenica- \u00a0CARITAS Switzerland\/CARITAS Luxembour Psiho-socijalni projekat Podrinja \u2013 izgradnje zajednica &#8211;\u00a0\u00a0HEKS EPE \u00a0Osvje\u0161tavanje predstavnika institucija o nasilju &#8211;\u00a0\u00a0CRS Obrazovanje odraslih \u2013 IIZ DVV SAR \u2013 Trajno rje\u0161enje za raseljene osobe sa srebreni\u010dkog podru\u010dja (na podru\u010dju op\u0161tina Bratunac i Vlasenica) &#8211;\u00a0\u00a0DRC Ja\u010danje zapo\u0161ljavanja i ekonomskih aktivnosti [&hellip;]<\/p>\n","protected":false},"author":1,"featured_media":0,"parent":24,"menu_order":0,"comment_status":"open","ping_status":"open","template":"","meta":{"ngg_post_thumbnail":0,"footnotes":""},"class_list":["post-41","page","type-page","status-publish","hentry"],"_links":{"self":[{"href":"https:\/\/www.uzpriroda.com\/index.php?rest_route=\/wp\/v2\/pages\/41","targetHints":{"allow":["GET"]}}],"collection":[{"href":"https:\/\/www.uzpriroda.com\/index.php?rest_route=\/wp\/v2\/pages"}],"about":[{"href":"https:\/\/www.uzpriroda.com\/index.php?rest_route=\/wp\/v2\/types\/page"}],"author":[{"embeddable":true,"href":"https:\/\/www.uzpriroda.com\/index.php?rest_route=\/wp\/v2\/users\/1"}],"replies":[{"embeddable":true,"href":"https:\/\/www.uzpriroda.com\/index.php?rest_route=%2Fwp%2Fv2%2Fcomments&post=41"}],"version-history":[{"count":0,"href":"https:\/\/www.uzpriroda.com\/index.php?rest_route=\/wp\/v2\/pages\/41\/revisions"}],"up":[{"embeddable":true,"href":"https:\/\/www.uzpriroda.com\/index.php?rest_route=\/wp\/v2\/pages\/24"}],"wp:attachment":[{"href":"https:\/\/www.uzpriroda.com\/index.php?rest_route=%2Fwp%2Fv2%2Fmedia&parent=41"}],"curies":[{"name":"wp","href":"https:\/\/api.w.org\/{rel}","templated":true}]}}