{"id":43,"date":"2013-03-06T17:17:49","date_gmt":"2013-03-06T16:17:49","guid":{"rendered":"http:\/\/localhost\/?page_id=43"},"modified":"2013-11-27T15:13:06","modified_gmt":"2013-11-27T14:13:06","slug":"projekti-u-2007-godini","status":"publish","type":"page","link":"https:\/\/www.uzpriroda.com\/?page_id=43","title":{"rendered":"Projekti u 2007. godini"},"content":{"rendered":"<ol>\n<li><strong>Izgradnja zajednica \u2013 izgradnja povjerenja u zajednicama op\u0161tina Bratunac i Srebrenica &#8211;\u00a0\u00a0\u00a0\u00a0\u00a0 CARITAS Switzerland\/CARITAS Luxembourg<\/strong><\/li>\n<li><strong>Ja\u010danje zapo\u0161ljavanja i ekonomskih aktivnosti kroz akcije u lokalnoj zajednici i me\u0111usektorsku saradnju\u00a0&#8211; CISP<\/strong><\/li>\n<li><strong>Psiho-socijalni projekat Podrinja \u2013 izgradnje zajednica\u00a0&#8211;\u00a0HEKS EPER<\/strong><\/li>\n<li><strong>Osvje\u0161tavanje predstavnika institucija o nasilju\u00a0&#8211;\u00a0\u00a0CRS<\/strong><\/li>\n<li><strong>Po\u0161tujmo jednakost\u00a0&#8211; VESTA<\/strong><\/li>\n<li><strong>Obrazovanje za razvoj turizma\u00a0\u2013 DVV<\/strong><\/li>\n<li><strong>Gra\u0111enje lokalnih zajednica\u00a0&#8211; \u00a0IOCC<\/strong><\/li>\n<li><strong>SAR \u2013 Trajno rje\u0161enje za raseljene osobe sa srebreni\u010dkog podru\u010dja (na podru\u010dju op\u0161tina Bratunac i Vlasenica)\u00a0&#8211; DRC<\/strong><\/li>\n<li><strong>Pregled procjene siroma\u0161tva u op\u0161tinama Bratunac, Srebrenica, Mili\u0107i i Vlasenica ( istra\u017eivanje za potrebe UNDP)\u00a0\u2013 UNDP<\/strong><\/li>\n<li><strong>\u00a0Podr\u0161ka pomirenju i promocija reintegracije manjinskih povratnika u regiju Srebrenica\u00a0&#8211; EU<\/strong><\/li>\n<li><strong>\u00a0Za aktivne zajednice\u00a0&#8211; Fondacija Mozaik\/\u00a0EU<\/strong><\/li>\n<\/ol>\n","protected":false},"excerpt":{"rendered":"<p>Izgradnja zajednica \u2013 izgradnja povjerenja u zajednicama op\u0161tina Bratunac i Srebrenica &#8211;\u00a0\u00a0\u00a0\u00a0\u00a0 CARITAS Switzerland\/CARITAS Luxembourg Ja\u010danje zapo\u0161ljavanja i ekonomskih aktivnosti kroz akcije u lokalnoj zajednici i me\u0111usektorsku saradnju\u00a0&#8211; CISP Psiho-socijalni projekat Podrinja \u2013 izgradnje zajednica\u00a0&#8211;\u00a0HEKS EPER Osvje\u0161tavanje predstavnika institucija o nasilju\u00a0&#8211;\u00a0\u00a0CRS Po\u0161tujmo jednakost\u00a0&#8211; VESTA Obrazovanje za razvoj turizma\u00a0\u2013 DVV Gra\u0111enje lokalnih zajednica\u00a0&#8211; \u00a0IOCC SAR \u2013 [&hellip;]<\/p>\n","protected":false},"author":1,"featured_media":0,"parent":24,"menu_order":0,"comment_status":"open","ping_status":"open","template":"","meta":{"ngg_post_thumbnail":0,"footnotes":""},"class_list":["post-43","page","type-page","status-publish","hentry"],"_links":{"self":[{"href":"https:\/\/www.uzpriroda.com\/index.php?rest_route=\/wp\/v2\/pages\/43","targetHints":{"allow":["GET"]}}],"collection":[{"href":"https:\/\/www.uzpriroda.com\/index.php?rest_route=\/wp\/v2\/pages"}],"about":[{"href":"https:\/\/www.uzpriroda.com\/index.php?rest_route=\/wp\/v2\/types\/page"}],"author":[{"embeddable":true,"href":"https:\/\/www.uzpriroda.com\/index.php?rest_route=\/wp\/v2\/users\/1"}],"replies":[{"embeddable":true,"href":"https:\/\/www.uzpriroda.com\/index.php?rest_route=%2Fwp%2Fv2%2Fcomments&post=43"}],"version-history":[{"count":0,"href":"https:\/\/www.uzpriroda.com\/index.php?rest_route=\/wp\/v2\/pages\/43\/revisions"}],"up":[{"embeddable":true,"href":"https:\/\/www.uzpriroda.com\/index.php?rest_route=\/wp\/v2\/pages\/24"}],"wp:attachment":[{"href":"https:\/\/www.uzpriroda.com\/index.php?rest_route=%2Fwp%2Fv2%2Fmedia&parent=43"}],"curies":[{"name":"wp","href":"https:\/\/api.w.org\/{rel}","templated":true}]}}