{"id":438,"date":"2013-04-19T15:40:55","date_gmt":"2013-04-19T13:40:55","guid":{"rendered":"http:\/\/www.uzpriroda.com\/?page_id=438"},"modified":"2013-07-30T10:53:37","modified_gmt":"2013-07-30T08:53:37","slug":"mreza-za-aktivne-zajednice","status":"publish","type":"page","link":"https:\/\/www.uzpriroda.com\/?page_id=438","title":{"rendered":"Mre\u017ea za aktivne zajednice"},"content":{"rendered":"<p style=\"text-align: justify;\">Projekat &#8221;Mre\u017ea za aktivne zajednice&#8221; doprinosti unapre\u0111enju rada savjeta MZ u Bosni i Hercegovini i ve\u0107em uklju\u010divanju tradicionalno marginaliziranih grupa, posebno \u017eena i mladih, u njihov rad.\u00a0 Specifi\u010dni ciljevi projekta su:<\/p>\n<ul style=\"text-align: justify;\">\n<li>Formirati \u010detiri centra za razvoj mjesnih zajednica koji \u0107e kroz suradnju sa lokalnim upravama pru\u017eati edukaciju i savjetodavne usluge savjetima MZ<\/li>\n<li>Oja\u010dati Mre\u017eu sa pet organizacija koje \u0107e razviti kapacitete za primjenu EMI metodologije u radu sa mjesnim zajednicama<\/li>\n<li>Potaknuti u\u010de\u0161\u0107e \u017eena i mladih i pove\u0107ati efektivnost rada 45 savjeta MZ na infrastrukturnom i dru\u0161tvenom razvoju<b><\/b><\/li>\n<li>Unaprijediti metode rada 4 lokalne uprave sa savjetima MZ\u00a0<b><\/b><\/li>\n<\/ul>\n<p style=\"text-align: center;\" align=\"center\">Vi\u0161e o Mre\u017ei i EMI metodologiji:\u00a0<a href=\"http:\/\/www.zaz.ba\/\">www.zaz.ba<\/a><\/p>\n<p style=\"text-align: center;\" align=\"center\">_____________________________________________________________________________<\/p>\n<p style=\"text-align: left;\" align=\"center\"><strong>Objavljene publikacije:<\/strong><\/p>\n<p style=\"text-align: left;\" align=\"center\"><a href=\"http:\/\/www.zaz.ba\/images\/PDF\/ZAZ-Prirucnik.pdf\" target=\"_blank\">Priru\u010dnik za aktivne mjesne zajednice<\/a><\/p>\n<p style=\"text-align: left;\" align=\"center\"><a href=\"http:\/\/www.zaz.ba\/images\/PDF\/Mreza-zaz-recept-za-aktivne-zajednice.pdf\" target=\"_blank\">Recepti za razvoj zajednica<\/a><\/p>\n<p style=\"text-align: left;\" align=\"center\"><a href=\"http:\/\/www.uzpriroda.com\/wp-content\/uploads\/2013\/07\/zaz-elektronsko-izdanje-broj-1.pdf\">Bilten ZAZ 1.<\/a><\/p>\n<p style=\"text-align: center;\" align=\"center\">\n","protected":false},"excerpt":{"rendered":"<p>Projekat &#8221;Mre\u017ea za aktivne zajednice&#8221; doprinosti unapre\u0111enju rada savjeta MZ u Bosni i Hercegovini i ve\u0107em uklju\u010divanju tradicionalno marginaliziranih grupa, posebno \u017eena i mladih, u njihov rad.\u00a0 Specifi\u010dni ciljevi projekta su: Formirati \u010detiri centra za razvoj mjesnih zajednica koji \u0107e kroz suradnju sa lokalnim upravama pru\u017eati edukaciju i savjetodavne usluge savjetima MZ Oja\u010dati Mre\u017eu sa [&hellip;]<\/p>\n","protected":false},"author":4,"featured_media":0,"parent":0,"menu_order":0,"comment_status":"closed","ping_status":"closed","template":"","meta":{"ngg_post_thumbnail":0,"footnotes":""},"class_list":["post-438","page","type-page","status-publish","hentry"],"_links":{"self":[{"href":"https:\/\/www.uzpriroda.com\/index.php?rest_route=\/wp\/v2\/pages\/438","targetHints":{"allow":["GET"]}}],"collection":[{"href":"https:\/\/www.uzpriroda.com\/index.php?rest_route=\/wp\/v2\/pages"}],"about":[{"href":"https:\/\/www.uzpriroda.com\/index.php?rest_route=\/wp\/v2\/types\/page"}],"author":[{"embeddable":true,"href":"https:\/\/www.uzpriroda.com\/index.php?rest_route=\/wp\/v2\/users\/4"}],"replies":[{"embeddable":true,"href":"https:\/\/www.uzpriroda.com\/index.php?rest_route=%2Fwp%2Fv2%2Fcomments&post=438"}],"version-history":[{"count":0,"href":"https:\/\/www.uzpriroda.com\/index.php?rest_route=\/wp\/v2\/pages\/438\/revisions"}],"wp:attachment":[{"href":"https:\/\/www.uzpriroda.com\/index.php?rest_route=%2Fwp%2Fv2%2Fmedia&parent=438"}],"curies":[{"name":"wp","href":"https:\/\/api.w.org\/{rel}","templated":true}]}}