{"id":443,"date":"2013-04-19T15:45:56","date_gmt":"2013-04-19T13:45:56","guid":{"rendered":"http:\/\/www.uzpriroda.com\/?page_id=443"},"modified":"2013-07-30T10:55:04","modified_gmt":"2013-07-30T08:55:04","slug":"osnazene-zenske-grupe-jaka-zajednica","status":"publish","type":"page","link":"https:\/\/www.uzpriroda.com\/?page_id=443","title":{"rendered":"Osna\u017eene \u017eenske grupe &#8211; jaka zajednica"},"content":{"rendered":"<table width=\"608\" border=\"1\" cellspacing=\"0\" cellpadding=\"0\">\n<tbody>\n<tr>\n<td width=\"234\"><b>Ukupno trajanje <\/b><\/td>\n<td width=\"390\"><b>8 mjeseci <\/b><\/td>\n<\/tr>\n<tr>\n<td width=\"234\"><b>Ciljevi projekta<\/b><\/td>\n<td width=\"390\"><b>&lt;Op\u0107i cilj &gt; <\/b>Doprinjeti ja\u010danju institucionalnih kapaciteta i dugoro\u010dne programske i finansijske odr\u017eivosti \u017eenskih grupa i organizacija koja se bave pitanjima \u017eena. <b><\/b><b>&lt;Specifi\u010dni ciljevi&gt;<\/b>1. Razviti znanja i vje\u0161tine 1 organizacije \u017eena i najmanje 5 odabranih \u017eenskih grupa, sa posebnim naglaskom na kapacitete za organizaciono i projektno upravljanje, vr\u0161enje utjecaja na donosioce odluka i participativno planiranje i provo\u0111enje aktivnosti, \u0161to \u0107e sve uticati na dugoro\u010dnu programsku i finansijsku odr\u017eivost organizacija, odnosno \u017eenskih grupa.2. Obezbjediti uslove za formalnu registraciju najmanje \u00a0jedne\u00a0 organizacije civilnog dru\u0161tva koja \u0107e raditi na pobolj\u0161anju polo\u017eaja \u017eena u op\u0107ini Sapna, kao i uslove za uspostavljenje mre\u017ee \u017eenskih grupa radi uspostavljanje \u017eenske zadruge.<\/td>\n<\/tr>\n<tr>\n<td width=\"234\"><b>Partner(i) (<i>ukoliko je relevantno<\/i>)<\/b><\/td>\n<td width=\"390\"><b>Op\u0107inska gender radna grupa i udru\u017eenje \u017eena \u00a0u Sapni<\/b><\/td>\n<\/tr>\n<tr>\n<td width=\"234\"><b>Ciljna grupa(e)<\/b><\/td>\n<td width=\"390\"><b>1 organizacija \u017eena; najmanje 5 \u017eenskih grupa ; zainteresovane i aktivisti\u010dne \u017eene i 14 MZ<\/b><\/td>\n<\/tr>\n<tr>\n<td width=\"234\"><b>O\u010dekivani rezultati<\/b><\/td>\n<td width=\"390\">1. 1. organizacija \u017eena, 5 \u00a0\u017eenskih grupa odabranih iz 14 MZ oja\u010dale kapacitete u organizacionom i projektnom upravljanju1.2. Pove\u0107ani kapaciteti 1 organizacije i 5 odabranih \u017eenskih grupa za uklju\u010divanje gra\u0111ana u procesima dono\u0161enja odluka i participativno planiranje2.1.\u00a0 Razvijeni kapaciteti 1 organizacije i 5 \u017eenskih grupa za rad u\u00a0 zajednici na polju \u017eenskih ljudkih prava2.2. Osna\u017eene predstavnice 5 neformalnih grupa za formalno djelovanje2.3. Razvijeni kapaciteti 1 oragnizacije i 5 \u017eenskih grupa za \u00a0umre\u017eavanje\u00a0 \u017eenskog aktivizma\u00a0 radi ekonomskog osna\u017eivanja<\/td>\n<\/tr>\n<tr>\n<td width=\"234\"><b>Glavne aktivnosti<\/b><\/td>\n<td width=\"390\"><b>&#8211; <\/b>Odr\u017eani sastanci u 14 MZ\u00a0 Op\u0107ine Sapna u cilju upoznavanja gra\u0111ana i gra\u0111anki sa projektom i odabirom zainteresovanih \u017eena i neformalnih grupa \u017eena za dalji rad na projektu- Treninzi strate\u0161ko planiranje, Pisanje projektnog prijedloga i mobilizacija lokalnih resursa, Liderstvo i menad\u017ement,\u00a0 Javno zagovaranje,\u00a0 Rodna ravnopravnost i stereotipi, Formiranje i vo\u0111enje organizacije &#8211; zakonska regulativa i pozitivne prakse ( politike i procedure), Umre\u017eavanje i zadrugarstvo- Savjetodavna podr\u0161ka za izradu strate\u0161kog plana i projektnog prijedloga- Aktivnosti promocije na lokalnom nivou<b> <\/b><\/td>\n<\/tr>\n<\/tbody>\n<\/table>\n<p style=\"text-align: center;\"><a href=\"http:\/\/www.uzpriroda.com\/wp-content\/uploads\/2013\/07\/DSCN0856.jpg\"><img loading=\"lazy\" decoding=\"async\" class=\"aligncenter  wp-image-559\" alt=\"DSCN0856\" src=\"http:\/\/www.uzpriroda.com\/wp-content\/uploads\/2013\/07\/DSCN0856-300x225.jpg\" width=\"640\" height=\"480\" srcset=\"https:\/\/www.uzpriroda.com\/wp-content\/uploads\/2013\/07\/DSCN0856-300x225.jpg 300w, https:\/\/www.uzpriroda.com\/wp-content\/uploads\/2013\/07\/DSCN0856.jpg 1024w\" sizes=\"auto, (max-width: 640px) 100vw, 640px\" \/><\/a><\/p>\n<p>&nbsp;<\/p>\n<p>&nbsp;<\/p>\n<p>&nbsp;<\/p>\n<p>&nbsp;<\/p>\n","protected":false},"excerpt":{"rendered":"<p>Ukupno trajanje 8 mjeseci Ciljevi projekta &lt;Op\u0107i cilj &gt; Doprinjeti ja\u010danju institucionalnih kapaciteta i dugoro\u010dne programske i finansijske odr\u017eivosti \u017eenskih grupa i organizacija koja se bave pitanjima \u017eena. &lt;Specifi\u010dni ciljevi&gt;1. Razviti znanja i vje\u0161tine 1 organizacije \u017eena i najmanje 5 odabranih \u017eenskih grupa, sa posebnim naglaskom na kapacitete za organizaciono i projektno upravljanje, vr\u0161enje utjecaja [&hellip;]<\/p>\n","protected":false},"author":4,"featured_media":0,"parent":0,"menu_order":0,"comment_status":"closed","ping_status":"closed","template":"","meta":{"ngg_post_thumbnail":0,"footnotes":""},"class_list":["post-443","page","type-page","status-publish","hentry"],"_links":{"self":[{"href":"https:\/\/www.uzpriroda.com\/index.php?rest_route=\/wp\/v2\/pages\/443","targetHints":{"allow":["GET"]}}],"collection":[{"href":"https:\/\/www.uzpriroda.com\/index.php?rest_route=\/wp\/v2\/pages"}],"about":[{"href":"https:\/\/www.uzpriroda.com\/index.php?rest_route=\/wp\/v2\/types\/page"}],"author":[{"embeddable":true,"href":"https:\/\/www.uzpriroda.com\/index.php?rest_route=\/wp\/v2\/users\/4"}],"replies":[{"embeddable":true,"href":"https:\/\/www.uzpriroda.com\/index.php?rest_route=%2Fwp%2Fv2%2Fcomments&post=443"}],"version-history":[{"count":0,"href":"https:\/\/www.uzpriroda.com\/index.php?rest_route=\/wp\/v2\/pages\/443\/revisions"}],"wp:attachment":[{"href":"https:\/\/www.uzpriroda.com\/index.php?rest_route=%2Fwp%2Fv2%2Fmedia&parent=443"}],"curies":[{"name":"wp","href":"https:\/\/api.w.org\/{rel}","templated":true}]}}