{"id":447,"date":"2013-04-19T15:51:25","date_gmt":"2013-04-19T13:51:25","guid":{"rendered":"http:\/\/www.uzpriroda.com\/?page_id=447"},"modified":"2013-11-28T13:52:46","modified_gmt":"2013-11-28T12:52:46","slug":"pomirenje-i-razvoj-zajednica","status":"publish","type":"page","link":"https:\/\/www.uzpriroda.com\/?page_id=447","title":{"rendered":"Pomirenje i razvoj zajednica"},"content":{"rendered":"<p style=\"text-align: justify;\"><a href=\"http:\/\/www.uzpriroda.com\/wp-content\/uploads\/2013\/11\/PC100037.jpg\"><img loading=\"lazy\" decoding=\"async\" class=\"alignleft size-medium wp-image-772\" alt=\"OLYMPUS DIGITAL CAMERA\" src=\"http:\/\/www.uzpriroda.com\/wp-content\/uploads\/2013\/11\/PC100037-300x157.jpg\" width=\"300\" height=\"157\" srcset=\"https:\/\/www.uzpriroda.com\/wp-content\/uploads\/2013\/11\/PC100037-300x157.jpg 300w, https:\/\/www.uzpriroda.com\/wp-content\/uploads\/2013\/11\/PC100037-1024x536.jpg 1024w\" sizes=\"auto, (max-width: 300px) 100vw, 300px\" \/><\/a>Projekat se realizuje istovremeno u \u010detiri op\u0161tine na dijelu regije Bira\u010d RS, BIH. Korisnici projekta su stanovnici odabranih mjesnih zajednica u kojima se projekat sprovodi, organi lokalne uprave i samouprave u 4 op\u0161tine kao i ukupno stanovni\u0161tvo navedenih op\u0161tina.<\/p>\n<p style=\"text-align: justify;\">\u00a0Projekat implementira Caritas \u0160vicarske uz saradnju partnerskih organizacija U\u017d Priroda iz Bratunca, kroz projektnu komponentu \u2018Pomirenje i razvoj zajednica\u2019 i Centri Civilnih Inicijativa, kroz komponentu \u2018U\u010de\u0161ce gra\u0111ana u procesima odlu\u010divanja\u2019. Projekat se realizuje u vremenskom periodu od 01.januara 2011 do 31. decembra 2013.<\/p>\n<p style=\"text-align: justify;\"><strong>Osnovni cilj projekta je promoviranje dijaloga i tolerancije kroz aktivnosti razvoja zajednica i u\u010de\u0161\u0107a gra\u0111ana u procesima odlu\u010divanja Bira\u010d regije (op\u0161tine Bratunac, Srebrenica, Mili\u0107i i Vlasenica).<\/strong><\/p>\n<p style=\"text-align: justify;\">U projektu \u0107e se izgraditi kapaciteti zajednica i grupa gra\u0111ana, po\u0161tuju\u0107i njihovu spolnu i etni\u010dku pripadnost kroz razli\u010dite vrste treninga i implementaciju mini grant sredstava. Istovremeno, projekat \u0107e uticati na pove\u0107anje odgovornosti i efikasnosti op\u0161tinskih organa i uprave.<\/p>\n<p style=\"text-align: justify;\">Jedna od aktivnosti od zna\u010daja za sve 4 op\u0161tine \u0107e biti i zajedni\u010dko apliciranje za sredstva prema glavnim donatorima, tamo gdje op\u0161tine prepoznaju zajedni\u010dki interes.<\/p>\n<p style=\"text-align: justify;\">Op\u0161tine Bratunac, Srebrenica, Mili\u0107i i Vlasenica potpisivanjem Memoranduma iskazuju svoju zainteresovanost i spremne su da aktivno u\u010destvuju u projektu, te obezbijede sve potrebne preduslove za uspje\u0161nu realizaciju projektnih aktivnosti.<\/p>\n<p><strong>\u00a0OSTVARENI REZULTATI 2011-2013<\/strong><\/p>\n<ol>\n<li style=\"text-align: justify;\">Dat doprinos dijalogu i toleranciji &#8211; izgradnji\u00a0 dru\u0161tvenih odnosa\u00a0 u\u00a0 16 ruralnih multietni\u010dkih zajednica u 4 op\u0161tine Bira\u010d regije (Bratunac, Srebrenica, Mili\u0107i i Vlasenica) kroz uspostavljen model \u00a0dijaloga i me\u0111usobnog povjerenja putem rje\u0161avanja zajedni\u010dkih problema<\/li>\n<li style=\"text-align: justify;\">Formirano je 16\u00a0 multietni\u010dkih i gender senzitivnih timova (161 \u010dlan \u2013 53% Bo\u0161njaci, 47% Srbi, a 32% \u017eene, 68% mu\u0161karci) koji su u saradnji sa gra\u0111anima i lokalnim upravama rije\u0161ili\u00a0 neke od\u00a0prioritetnih problema u svojim zajednicama<\/li>\n<li style=\"text-align: justify;\">Akcioni timovi su institucionalno osna\u017eeni kroz pru\u017eenu\u00a0 edukativnu, savjetodavnu i tehni\u010dku\u00a0podr\u0161ku: za uspje\u0161nu\u00a0mobilizaciju lokalnih resursa, pisanje projektnog prijedloga, strate\u0161ko\u00a0planiranje, javno zagovaranje i komunikaciju, podizanje svijesti o ulozi \u017eene u porodici i zajednici, o\u00a0ekonomskom doprinosu formalno nezaposlene \u017eene, o primjeni Zakona o jednakosti polova, o obimu\u00a0i uzrocima kao i posljedicama nasilja u porodici, pove\u0107anje svijesti u borbi protiv predrasuda i\u00a0stereotipa<\/li>\n<li style=\"text-align: justify;\">Akcioni timovi su doprinjeli institucionalnoj izgradnji mjesnih zajednica izradom i revidiranjem \u00a0\u00a0strate\u0161kih planova razvoja svojih zajednica, \u00a0koji su\u00a0 uklju\u010deni u planove op\u0161tina i dijelom u bud\u017eet\u00a0op\u0161tina; izgra\u0111eni su odnosi\u00a0 tolerantnog dijaloga unutar timova i na relaciji op\u0161tinske razvojne grupe\u00a0\u2013 akcioni timovi na op\u0161tinskom i me\u0111uop\u0161tinskom nivou<\/li>\n<li style=\"text-align: justify;\">Ostvarena je i unapre\u0111ena saradnja akcionih timova i lokalnih samouprava\u00a0 na\u00a0 me\u0111uop\u0161tinskom nivou<\/li>\n<li style=\"text-align: justify;\">Edukativna i savjetovana\u00a0 podr\u0161ka je\u00a0 rezultovala\u00a0 pokretanjem i provo\u0111enjem 16 mini projekata ukupne vrijednosti 133.910,30 KM od \u010dega je u\u010de\u0161\u0107e lokalnih zajednica 40% (22% op\u0161tine, 10%\u00a0gra\u0111ani\u00a0 i 8% biznisi)<\/li>\n<li style=\"text-align: justify;\">Gra\u0111anski aktivizam i spremnost za zajedni\u010dki rad pokazalo je 456 volontera\/ki u\u010de\u0161\u0107em na 206 organizovanih volonterskih akcija i ostvarenih 7.243 volonterska sata<\/li>\n<li style=\"text-align: justify;\">Ustanovljeni mehanizmi zajedni\u010dkog rada lokalnih uprava, savjeta mjesnih zajednica i dru\u0161tveno odgovornih lokalnih biznisa<\/li>\n<li style=\"text-align: justify;\">Jedan od zna\u010dajnijih rezultata razvoja zajednica ovog trogodi\u0161njeg projekta se ogleda u repliciranju istog modela na razvoju zajednica &#8211; u 12 mjesnih zajednica provedeno 19 gra\u0111anskih inicijativa.<\/li>\n<\/ol>\n<p>&nbsp;<\/p>\n<p>&nbsp;<\/p>\n<p>&nbsp;<\/p>\n<p>&nbsp;<\/p>\n<p>&nbsp;<\/p>\n","protected":false},"excerpt":{"rendered":"<p>Projekat se realizuje istovremeno u \u010detiri op\u0161tine na dijelu regije Bira\u010d RS, BIH. Korisnici projekta su stanovnici odabranih mjesnih zajednica u kojima se projekat sprovodi, organi lokalne uprave i samouprave u 4 op\u0161tine kao i ukupno stanovni\u0161tvo navedenih op\u0161tina. \u00a0Projekat implementira Caritas \u0160vicarske uz saradnju partnerskih organizacija U\u017d Priroda iz Bratunca, kroz projektnu komponentu \u2018Pomirenje [&hellip;]<\/p>\n","protected":false},"author":4,"featured_media":0,"parent":0,"menu_order":0,"comment_status":"closed","ping_status":"closed","template":"","meta":{"ngg_post_thumbnail":0,"footnotes":""},"class_list":["post-447","page","type-page","status-publish","hentry"],"_links":{"self":[{"href":"https:\/\/www.uzpriroda.com\/index.php?rest_route=\/wp\/v2\/pages\/447","targetHints":{"allow":["GET"]}}],"collection":[{"href":"https:\/\/www.uzpriroda.com\/index.php?rest_route=\/wp\/v2\/pages"}],"about":[{"href":"https:\/\/www.uzpriroda.com\/index.php?rest_route=\/wp\/v2\/types\/page"}],"author":[{"embeddable":true,"href":"https:\/\/www.uzpriroda.com\/index.php?rest_route=\/wp\/v2\/users\/4"}],"replies":[{"embeddable":true,"href":"https:\/\/www.uzpriroda.com\/index.php?rest_route=%2Fwp%2Fv2%2Fcomments&post=447"}],"version-history":[{"count":0,"href":"https:\/\/www.uzpriroda.com\/index.php?rest_route=\/wp\/v2\/pages\/447\/revisions"}],"wp:attachment":[{"href":"https:\/\/www.uzpriroda.com\/index.php?rest_route=%2Fwp%2Fv2%2Fmedia&parent=447"}],"curies":[{"name":"wp","href":"https:\/\/api.w.org\/{rel}","templated":true}]}}