{"id":5,"date":"2013-03-06T16:44:57","date_gmt":"2013-03-06T15:44:57","guid":{"rendered":"http:\/\/localhost\/?page_id=5"},"modified":"2013-09-12T14:03:38","modified_gmt":"2013-09-12T12:03:38","slug":"vizija-i-misija","status":"publish","type":"page","link":"https:\/\/www.uzpriroda.com\/?page_id=5","title":{"rendered":"Vizija i misija"},"content":{"rendered":"<p><b>Vizija:<\/b><\/p>\n<p><b>Aktivni, dru\u0161tveno odgovorni i ekonomski osna\u017eeni gra\u0111ani i gra\u0111anke zajedni\u010dki rade na razvoju svojih zajednica. <\/b><\/p>\n<p><b>\u00a0<\/b><\/p>\n<p><b>Misija: <\/b><\/p>\n<p style=\"text-align: justify;\"><b><\/b><b>Udru\u017eenje \u017eena \u201ePriroda<\/b><b>\u201d <\/b><b>doprinosi<\/b><b> <\/b><b>razvoju<\/b><b> <\/b><b>aktivnih<\/b><b>, <\/b><b>preduzetnih<\/b><b> <\/b><b>zajednica<\/b><b> <\/b><b>i gra\u0111ana. Kroz cjelo\u017eivotno obrazovanje, ohrabrivanje preduzetni\u010dkih inicijativa, podsticanje gra\u0111anskih akcija i zagovaranje za izgradnju dru\u0161tva jednakih \u0161ansi \u201ePriroda\u201c <\/b><b>osna<\/b><b>\u017e<\/b><b>uje<\/b><b> <\/b><b>gra<\/b><b>\u0111<\/b><b>ane<\/b><b>, <\/b><b>posebno<\/b><b> \u017e<\/b><b>ene<\/b><b> <\/b><b>i<\/b><b> <\/b><b>mlade<\/b><b>, <\/b><b>za<\/b><b> <\/b><b>zajedni<\/b><b>\u010d<\/b><b>ki<\/b><b> <\/b><b>rad<\/b><b> <\/b><b>na<\/b><b> <\/b><b>dru<\/b><b>\u0161<\/b><b>tveno<\/b><b> <\/b><b>ekonomskom<\/b><b> <\/b><b>razvoju<\/b><b> <\/b><b>BiH<\/b><b>.<\/b><\/p>\n<p style=\"text-align: justify;\"><b>\u00a0<\/b><\/p>\n","protected":false},"excerpt":{"rendered":"<p>Vizija: Aktivni, dru\u0161tveno odgovorni i ekonomski osna\u017eeni gra\u0111ani i gra\u0111anke zajedni\u010dki rade na razvoju svojih zajednica. \u00a0 Misija: Udru\u017eenje \u017eena \u201ePriroda\u201d doprinosi razvoju aktivnih, preduzetnih zajednica i gra\u0111ana. Kroz cjelo\u017eivotno obrazovanje, ohrabrivanje preduzetni\u010dkih inicijativa, podsticanje gra\u0111anskih akcija i zagovaranje za izgradnju dru\u0161tva jednakih \u0161ansi \u201ePriroda\u201c osna\u017euje gra\u0111ane, posebno \u017eene i mlade, za zajedni\u010dki rad na [&hellip;]<\/p>\n","protected":false},"author":1,"featured_media":0,"parent":2,"menu_order":0,"comment_status":"open","ping_status":"open","template":"","meta":{"ngg_post_thumbnail":0,"footnotes":""},"class_list":["post-5","page","type-page","status-publish","hentry"],"_links":{"self":[{"href":"https:\/\/www.uzpriroda.com\/index.php?rest_route=\/wp\/v2\/pages\/5","targetHints":{"allow":["GET"]}}],"collection":[{"href":"https:\/\/www.uzpriroda.com\/index.php?rest_route=\/wp\/v2\/pages"}],"about":[{"href":"https:\/\/www.uzpriroda.com\/index.php?rest_route=\/wp\/v2\/types\/page"}],"author":[{"embeddable":true,"href":"https:\/\/www.uzpriroda.com\/index.php?rest_route=\/wp\/v2\/users\/1"}],"replies":[{"embeddable":true,"href":"https:\/\/www.uzpriroda.com\/index.php?rest_route=%2Fwp%2Fv2%2Fcomments&post=5"}],"version-history":[{"count":0,"href":"https:\/\/www.uzpriroda.com\/index.php?rest_route=\/wp\/v2\/pages\/5\/revisions"}],"up":[{"embeddable":true,"href":"https:\/\/www.uzpriroda.com\/index.php?rest_route=\/wp\/v2\/pages\/2"}],"wp:attachment":[{"href":"https:\/\/www.uzpriroda.com\/index.php?rest_route=%2Fwp%2Fv2%2Fmedia&parent=5"}],"curies":[{"name":"wp","href":"https:\/\/api.w.org\/{rel}","templated":true}]}}