{"id":53,"date":"2013-03-06T17:19:47","date_gmt":"2013-03-06T16:19:47","guid":{"rendered":"http:\/\/localhost\/?page_id=53"},"modified":"2013-11-28T12:07:10","modified_gmt":"2013-11-28T11:07:10","slug":"projekti-u-2012-godini","status":"publish","type":"page","link":"https:\/\/www.uzpriroda.com\/?page_id=53","title":{"rendered":"Projekti u 2012. godini"},"content":{"rendered":"<p><strong>1. \u201ePomirenje i razvoj zajednica\/parcipativni demokratski razvoj u 4 op\u0161tine Bira\u010d regije 2011-2013\u201c- CARITAS Switzerland\/\u0160vicarska Vlada (\u0160vicarska Agencija za Razvoj i Suradnju, SDC)\/Vlada Lihten\u0161tajna<\/strong><\/p>\n<p><strong>2. \u201eZa dobar status vode rijeke Drine \u2013 Akcije organizacija civilnog dru\u0161tva u promociji privatno-partnerskih odnosa za bolje upravljanje rijekom\u201c- OXFAM\/EU<\/strong><\/p>\n<p><strong>3. \u201eZa aktivne mjesne zajednice\u201c &#8211; Fondacija MOZAIK\/EU<\/strong><\/p>\n<p><strong>4. Edukacija i podizanje javne svijesti o \u017eivotnoj sredini i upravljanju vodnim resursima u prekograni\u010dnoj oblasti rije\u010dnog sliva Drine u Republici Srbiji i BiH &#8211; OAZA Beograd\/ Agenciji za\u00a0 vode Bijeljina<\/strong><\/p>\n<p><strong>5. \u201e\u017dene u mjesnim zajednicama\u201c &#8211; Balkan Trust for Democracy (BTD)\/ German Marshall Fund of the US<\/strong><\/p>\n<p><strong>6. Studijska posjeta Sajmu \u0161ljiva Ose\u010dina &#8211; &#8220;Right to the Village&#8221; &#8211; Alliance for Rural and Small Communities Cultural Development<\/strong><\/p>\n<p><strong>7. Institucionalno ja\u010danje organizacije &#8211; &#8220;Right to the Village&#8221; &#8211; Alliance for Rural and Small Communities Cultural Development<\/strong><\/p>\n","protected":false},"excerpt":{"rendered":"<p>1. \u201ePomirenje i razvoj zajednica\/parcipativni demokratski razvoj u 4 op\u0161tine Bira\u010d regije 2011-2013\u201c- CARITAS Switzerland\/\u0160vicarska Vlada (\u0160vicarska Agencija za Razvoj i Suradnju, SDC)\/Vlada Lihten\u0161tajna 2. \u201eZa dobar status vode rijeke Drine \u2013 Akcije organizacija civilnog dru\u0161tva u promociji privatno-partnerskih odnosa za bolje upravljanje rijekom\u201c- OXFAM\/EU 3. \u201eZa aktivne mjesne zajednice\u201c &#8211; Fondacija MOZAIK\/EU 4. Edukacija [&hellip;]<\/p>\n","protected":false},"author":1,"featured_media":0,"parent":24,"menu_order":0,"comment_status":"open","ping_status":"open","template":"","meta":{"ngg_post_thumbnail":0,"footnotes":""},"class_list":["post-53","page","type-page","status-publish","hentry"],"_links":{"self":[{"href":"https:\/\/www.uzpriroda.com\/index.php?rest_route=\/wp\/v2\/pages\/53","targetHints":{"allow":["GET"]}}],"collection":[{"href":"https:\/\/www.uzpriroda.com\/index.php?rest_route=\/wp\/v2\/pages"}],"about":[{"href":"https:\/\/www.uzpriroda.com\/index.php?rest_route=\/wp\/v2\/types\/page"}],"author":[{"embeddable":true,"href":"https:\/\/www.uzpriroda.com\/index.php?rest_route=\/wp\/v2\/users\/1"}],"replies":[{"embeddable":true,"href":"https:\/\/www.uzpriroda.com\/index.php?rest_route=%2Fwp%2Fv2%2Fcomments&post=53"}],"version-history":[{"count":0,"href":"https:\/\/www.uzpriroda.com\/index.php?rest_route=\/wp\/v2\/pages\/53\/revisions"}],"up":[{"embeddable":true,"href":"https:\/\/www.uzpriroda.com\/index.php?rest_route=\/wp\/v2\/pages\/24"}],"wp:attachment":[{"href":"https:\/\/www.uzpriroda.com\/index.php?rest_route=%2Fwp%2Fv2%2Fmedia&parent=53"}],"curies":[{"name":"wp","href":"https:\/\/api.w.org\/{rel}","templated":true}]}}