{"id":7,"date":"2013-03-06T16:45:18","date_gmt":"2013-03-06T15:45:18","guid":{"rendered":"http:\/\/localhost\/?page_id=7"},"modified":"2013-09-12T14:05:06","modified_gmt":"2013-09-12T12:05:06","slug":"strategija","status":"publish","type":"page","link":"https:\/\/www.uzpriroda.com\/?page_id=7","title":{"rendered":"Strategija"},"content":{"rendered":"<p><b>Strate\u0161ki ciljevi:<\/b><\/p>\n<ol start=\"1\">\n<li style=\"text-align: justify;\">Oja\u010dati \u017eene, mlade i\u00a0 druge gra\u0111ane lokalne zajednice \u00a0da aktivno rade na dru\u0161tveno-ekonomskom razvoju<\/li>\n<li style=\"text-align: justify;\">Uticati na razvoj preduzetni\u010dkih kompetencija gra\u0111ana, posebno \u017eena i mladih,\u00a0 \u0161to \u0107e doprinjeti pove\u0107anju zaposlenosti. Doprinositi stvaranju povoljnijeg ekonomskog okru\u017eenja<\/li>\n<li style=\"text-align: justify;\">Osigurati mehanizme odr\u017eivosti dru\u0161tva jednakih mogu\u0107nosti kroz edukacije, promociju uva\u017eavanja razli\u010ditosti i zagovaranje za usvajanje antidiskriminatornih politika na op\u0161tinskom nivou.<\/li>\n<\/ol>\n","protected":false},"excerpt":{"rendered":"<p>Strate\u0161ki ciljevi: Oja\u010dati \u017eene, mlade i\u00a0 druge gra\u0111ane lokalne zajednice \u00a0da aktivno rade na dru\u0161tveno-ekonomskom razvoju Uticati na razvoj preduzetni\u010dkih kompetencija gra\u0111ana, posebno \u017eena i mladih,\u00a0 \u0161to \u0107e doprinjeti pove\u0107anju zaposlenosti. Doprinositi stvaranju povoljnijeg ekonomskog okru\u017eenja Osigurati mehanizme odr\u017eivosti dru\u0161tva jednakih mogu\u0107nosti kroz edukacije, promociju uva\u017eavanja razli\u010ditosti i zagovaranje za usvajanje antidiskriminatornih politika na op\u0161tinskom [&hellip;]<\/p>\n","protected":false},"author":1,"featured_media":0,"parent":2,"menu_order":0,"comment_status":"open","ping_status":"open","template":"","meta":{"ngg_post_thumbnail":0,"footnotes":""},"class_list":["post-7","page","type-page","status-publish","hentry"],"_links":{"self":[{"href":"https:\/\/www.uzpriroda.com\/index.php?rest_route=\/wp\/v2\/pages\/7","targetHints":{"allow":["GET"]}}],"collection":[{"href":"https:\/\/www.uzpriroda.com\/index.php?rest_route=\/wp\/v2\/pages"}],"about":[{"href":"https:\/\/www.uzpriroda.com\/index.php?rest_route=\/wp\/v2\/types\/page"}],"author":[{"embeddable":true,"href":"https:\/\/www.uzpriroda.com\/index.php?rest_route=\/wp\/v2\/users\/1"}],"replies":[{"embeddable":true,"href":"https:\/\/www.uzpriroda.com\/index.php?rest_route=%2Fwp%2Fv2%2Fcomments&post=7"}],"version-history":[{"count":0,"href":"https:\/\/www.uzpriroda.com\/index.php?rest_route=\/wp\/v2\/pages\/7\/revisions"}],"up":[{"embeddable":true,"href":"https:\/\/www.uzpriroda.com\/index.php?rest_route=\/wp\/v2\/pages\/2"}],"wp:attachment":[{"href":"https:\/\/www.uzpriroda.com\/index.php?rest_route=%2Fwp%2Fv2%2Fmedia&parent=7"}],"curies":[{"name":"wp","href":"https:\/\/api.w.org\/{rel}","templated":true}]}}