{"id":751,"date":"2013-11-28T10:58:33","date_gmt":"2013-11-28T09:58:33","guid":{"rendered":"http:\/\/www.uzpriroda.com\/?page_id=751"},"modified":"2013-11-28T11:01:17","modified_gmt":"2013-11-28T10:01:17","slug":"rodno-osjetljivi-budzeti-6","status":"publish","type":"page","link":"https:\/\/www.uzpriroda.com\/?page_id=751","title":{"rendered":"Rodno osjetljivi bud\u017eeti"},"content":{"rendered":"<p style=\"text-align: justify;\">U\u017d \u201ePriroda\u201c provodi projekat \u201eRodno osjetljivi bud\u017eeti\u201c podr\u017ean od FIGAP programa,\u00a0 Gender centra Vlade Republike Srpske\u00a0 i UN WOMEN na teritoriji op\u0161tina: Srebrenica, Vlasenica, \u0160ekovi\u0107i i Osmaci u periodu septembar 2013 &#8211; januar 2014. god.<\/p>\n<p style=\"text-align: justify;\">Svrha projekta je pove\u0107anje odgovornosti lokalnih vlasti u op\u0161tinama Vlasenica, Srebrenica, \u0160ekovi\u0107i i Osmaci\u00a0 za provo\u0111enje principa ravnopravnosti po osnovu pola, kroz uspostavljanje i primjenu rodno osjetljivog bud\u017eeta.<\/p>\n<p style=\"text-align: justify;\">Aktivnosti projekta su:<\/p>\n<p style=\"text-align: justify;\">&#8211;\u00a0\u00a0\u00a0\u00a0\u00a0 Imenovanje op\u0161tinske radne grupe u sastavu: predstavnici bud\u017eeta, finansija, gender komisije, NVO, mjesne zajednice \u2013 ukupno 7-10 predstavnika &#8211; relevantnih ljudi koji rade na kreiranju i dono\u0161enju bud\u017eeta ili su korisnici istog. Radnu grupu \u0107e imenovati na\u010delnik op\u0161tine u saradnji sa svojim saradnicima;<\/p>\n<p style=\"text-align: justify;\">&#8211;\u00a0\u00a0\u00a0\u00a0\u00a0\u00a0 Op\u0161tinska radna grupa \u0107e u\u010destvovati u radu\u00a0 dva jednodnevna seminara o metodologiji rodnog bud\u017eetiranja, koje \u0107e odr\u017eati stru\u010dna lica koja su\u00a0 certificirana za prenos te metodologije na lokalne donosioce bud\u017eeta od strane Agencije za ravnopravnost polova BiH i Gender centra Vlade RS. Radna grupa \u0107e u saradnji sa U\u017d \u201cPriroda\u201c i stru\u010dnom saradnjom od strane obezbje\u0111enih mentora napravti analizu relevantnih op\u0161tinskih propisa, a naro\u010dito Odluke\u00a0 o bud\u017eetu op\u0161tine\u00a0 za slijede\u0107e\u00a0 godine, uz omogu\u0107en pristup\u00a0 drugim podacima potrebnim za izradu rodno osjetljive analize bud\u017eeta;<\/p>\n<p style=\"text-align: justify;\">&#8211;\u00a0\u00a0\u00a0\u00a0\u00a0\u00a0 Nakon napravljene analize bi\u0107e izra\u0111ene preporuke i dostavljene lokalnoj skup\u0161tini na razmatranje\u00a0 kao osnov za\u00a0 unapre\u0111enje polo\u017eaja \u017eena;<\/p>\n<p>&nbsp;<\/p>\n","protected":false},"excerpt":{"rendered":"<p>U\u017d \u201ePriroda\u201c provodi projekat \u201eRodno osjetljivi bud\u017eeti\u201c podr\u017ean od FIGAP programa,\u00a0 Gender centra Vlade Republike Srpske\u00a0 i UN WOMEN na teritoriji op\u0161tina: Srebrenica, Vlasenica, \u0160ekovi\u0107i i Osmaci u periodu septembar 2013 &#8211; januar 2014. god. Svrha projekta je pove\u0107anje odgovornosti lokalnih vlasti u op\u0161tinama Vlasenica, Srebrenica, \u0160ekovi\u0107i i Osmaci\u00a0 za provo\u0111enje principa ravnopravnosti po osnovu [&hellip;]<\/p>\n","protected":false},"author":4,"featured_media":0,"parent":0,"menu_order":0,"comment_status":"closed","ping_status":"closed","template":"","meta":{"ngg_post_thumbnail":0,"footnotes":""},"class_list":["post-751","page","type-page","status-publish","hentry"],"_links":{"self":[{"href":"https:\/\/www.uzpriroda.com\/index.php?rest_route=\/wp\/v2\/pages\/751","targetHints":{"allow":["GET"]}}],"collection":[{"href":"https:\/\/www.uzpriroda.com\/index.php?rest_route=\/wp\/v2\/pages"}],"about":[{"href":"https:\/\/www.uzpriroda.com\/index.php?rest_route=\/wp\/v2\/types\/page"}],"author":[{"embeddable":true,"href":"https:\/\/www.uzpriroda.com\/index.php?rest_route=\/wp\/v2\/users\/4"}],"replies":[{"embeddable":true,"href":"https:\/\/www.uzpriroda.com\/index.php?rest_route=%2Fwp%2Fv2%2Fcomments&post=751"}],"version-history":[{"count":0,"href":"https:\/\/www.uzpriroda.com\/index.php?rest_route=\/wp\/v2\/pages\/751\/revisions"}],"wp:attachment":[{"href":"https:\/\/www.uzpriroda.com\/index.php?rest_route=%2Fwp%2Fv2%2Fmedia&parent=751"}],"curies":[{"name":"wp","href":"https:\/\/api.w.org\/{rel}","templated":true}]}}